{"id":3,"date":"2024-01-17T09:02:31","date_gmt":"2024-01-17T09:02:31","guid":{"rendered":"https:\/?page_id=3"},"modified":"2024-11-30T09:57:08","modified_gmt":"2024-11-30T01:57:08","slug":"privacy-policy","status":"publish","type":"page","link":"https:\/\/www.akaycontainer.com\/de\/privacy-policy\/","title":{"rendered":"Datenschutzrichtlinie"},"content":{"rendered":"<div data-elementor-type=\"wp-page\" data-elementor-id=\"3\" class=\"elementor elementor-3\" data-elementor-post-type=\"page\">\n\t\t\t\t\t\t<section class=\"elementor-section elementor-top-section elementor-element elementor-element-67fccea6 elementor-section-boxed elementor-section-height-default elementor-section-height-default\" data-id=\"67fccea6\" data-element_type=\"section\">\n\t\t\t\t\t\t<div class=\"elementor-container elementor-column-gap-default\">\n\t\t\t\t\t<div class=\"elementor-column elementor-col-100 elementor-top-column elementor-element elementor-element-335610b\" data-id=\"335610b\" data-element_type=\"column\">\n\t\t\t<div class=\"elementor-widget-wrap elementor-element-populated\">\n\t\t\t\t\t\t<div class=\"elementor-element elementor-element-7eb7c89c elementor-widget__width-initial elementor-widget elementor-widget-text-editor\" data-id=\"7eb7c89c\" data-element_type=\"widget\" data-widget_type=\"text-editor.default\">\n\t\t\t\t<div class=\"elementor-widget-container\">\n\t\t\t\t\t\t\t\t\t<h1>Datenschutzrichtlinie f\u00fcr Websites<\/h1>\n<h2>&nbsp;<\/h2>\n<h2>Wer wir sind<\/h2>\n<p><!-- \/wp:heading --><!-- wp:paragraph --><\/p>\n<p><strong class=\"privacy-policy-tutorial\">&nbsp;<\/strong>Unsere Website-Adresse lautet: https:.<\/p>\n<p><!-- \/wp:paragraph --><!-- wp:heading --><\/p>\n<h2>&nbsp;<\/h2>\n<h2>Kommentare<\/h2>\n<p><!-- \/wp:heading --><!-- wp:paragraph --><\/p>\n<p>Wenn Besucher Kommentare auf der Site hinterlassen, erfassen wir die im Kommentarformular angezeigten Daten sowie die IP-Adresse des Besuchers und den User-Agent-String (damit wird der Browser identifiziert), um die Spam-Erkennung zu unterst\u00fctzen.<\/p>\n<p><!-- \/wp:paragraph --><!-- wp:paragraph --><\/p>\n<p>Aus Ihrer E-Mail-Adresse kann eine anonymisierte Zeichenfolge erstellt (auch Hash genannt) und dem Gravatar-Dienst zur Verf\u00fcgung gestellt werden, um zu pr\u00fcfen, ob Sie diesen verwenden. Die Datenschutzrichtlinie des Gravatar-Dienstes finden Sie hier: https:\/\/automattic.com\/privacy\/. Nachdem Ihr Kommentar freigegeben wurde, ist Ihr Profilbild im Kontext Ihres Kommentars \u00f6ffentlich sichtbar.<\/p>\n<p><!-- \/wp:paragraph --><!-- wp:heading --><\/p>\n<h2>&nbsp;<\/h2>\n<h2>Medien<\/h2>\n<p><!-- \/wp:heading --><!-- wp:paragraph --><\/p>\n<p>Wenn Sie Bilder auf die Website hochladen, sollten Sie das Hochladen von Bildern mit eingebetteten Standortdaten (EXIF GPS) vermeiden. Besucher der Website k\u00f6nnten Standortdaten aus Bildern, die auf der Website gespeichert sind, herunterladen und extrahieren.<\/p>\n<p><!-- \/wp:paragraph --><!-- wp:heading --><\/p>\n<h2>&nbsp;<\/h2>\n<h2>Dieses Portal verwendet Cookies zur Optimierung der Browserfunktion. Informieren Sie sich, wie wir Cookies verwenden und wie Sie Ihre Einstellungen \u00e4ndern k\u00f6nnen.<\/h2>\n<p><!-- \/wp:heading --><!-- wp:paragraph --><\/p>\n<p>Wenn Sie einen Kommentar auf unserer Website hinterlassen, kann das eine Einwilligung zur Speicherung Ihres Namens, Ihrer E-Mail-Adresse und Ihrer Website in Cookies sein. Dies dient Ihrer Bequemlichkeit, damit Sie diese Daten nicht erneut eingeben m\u00fcssen, wenn Sie einen weiteren Kommentar hinterlassen. Diese Cookies werden ein Jahr lang gespeichert.<\/p>\n<p><!-- \/wp:paragraph --><!-- wp:paragraph --><\/p>\n<p>Wenn Sie ein Konto haben und sich auf dieser Website anmelden, werden wir ein tempor\u00e4res Cookie setzen, um festzustellen, ob Ihr Browser Cookies akzeptiert. Dieses Cookie enth\u00e4lt keine personenbezogenen Daten und wird verworfen, wenn Sie Ihren Browser schlie\u00dfen.<\/p>\n<p><!-- \/wp:paragraph --><!-- wp:paragraph --><\/p>\n<p>Wenn Sie sich anmelden, werden wir au\u00dferdem mehrere Cookies einrichten, um Ihre Anmeldeinformationen und Ihre Anzeigeoptionen zu speichern. Anmelde-Cookies verfallen zwei Tage lang und Cookies f\u00fcr Anzeigeoptionen ein Jahr lang. Wenn Sie \u201eAngemeldet bleiben\u201c ausw\u00e4hlen, bleibt Ihre Anmeldung zwei Wochen lang bestehen. Wenn Sie sich von Ihrem Konto abmelden, werden die Anmelde-Cookies gel\u00f6scht.<\/p>\n<p><!-- \/wp:paragraph --><!-- wp:paragraph --><\/p>\n<p>Wenn Sie einen Artikel bearbeiten oder ver\u00f6ffentlichen, wird ein zus\u00e4tzlicher Cookie in Ihrem Browser gespeichert. Dieser Cookie enth\u00e4lt keine personenbezogenen Daten und gibt lediglich die Beitrags-ID des Artikels an, den Sie gerade bearbeitet haben. Er verf\u00e4llt nach einem Tag.<\/p>\n<p><!-- \/wp:paragraph --><!-- wp:heading --><\/p>\n<h2>&nbsp;<\/h2>\n<h2>Eingebettete Inhalte von anderen Websites<\/h2>\n<p><!-- \/wp:heading --><!-- wp:paragraph --><\/p>\n<p>Beitr\u00e4ge auf dieser Website k\u00f6nnen eingebettete Inhalte beinhalten (z. B. Videos, Bilder, Beitr\u00e4ge etc.). Eingebettete Inhalte von anderen Websites verhalten sich exakt so, als ob der Besucher die andere Website besucht h\u00e4tte.<\/p>\n<p><!-- \/wp:paragraph --><!-- wp:paragraph --><\/p>\n<p>Diese Websites k\u00f6nnen Daten \u00fcber Sie sammeln, Cookies benutzen, zus\u00e4tzliche Tracking-Dienste von Dritten einbetten und Ihre Interaktion mit diesem eingebetteten Inhalt aufzeichnen, inklusive Ihrer Interaktion mit dem eingebetteten Inhalt, falls Sie ein Konto haben und auf dieser Website angemeldet sind.<\/p>\n<p><!-- \/wp:paragraph --><!-- wp:heading --><\/p>\n<h2>&nbsp;<\/h2>\n<h2>Mit wem wir Ihre Daten teilen<\/h2>\n<p><!-- \/wp:heading --><!-- wp:paragraph --><\/p>\n<p>Wenn Sie eine Zur\u00fccksetzung des Passworts anfordern, wird Ihre IP-Adresse in der E-Mail zur Zur\u00fccksetzung enthalten sein.<\/p>\n<p><!-- \/wp:paragraph --><!-- wp:heading --><\/p>\n<h2>&nbsp;<\/h2>\n<h2>Wie lange wir Ihre Daten speichern<\/h2>\n<p><!-- \/wp:heading --><!-- wp:paragraph --><\/p>\n<p>Wenn Sie einen Kommentar hinterlassen, werden dieser und seine Metadaten zeitlich unbegrenzt gespeichert. Auf diese Weise k\u00f6nnen wir Folgekommentare automatisch erkennen und freigeben, anstatt sie in einer Moderationswarteschlange festzuhalten.<\/p>\n<p><!-- \/wp:paragraph --><!-- wp:paragraph --><\/p>\n<p>F\u00fcr Benutzer, die sich auf unserer Website registrieren (falls vorhanden), speichern wir zus\u00e4tzlich die pers\u00f6nlichen Informationen, die sie in ihren Benutzerprofilen angeben. Alle Benutzer k\u00f6nnen ihre pers\u00f6nlichen Informationen jederzeit einsehen, bearbeiten oder l\u00f6schen (der Benutzername kann nicht ge\u00e4ndert werden). Website-Administratoren k\u00f6nnen diese Informationen ebenfalls einsehen und bearbeiten.<\/p>\n<p><!-- \/wp:paragraph --><!-- wp:heading --><\/p>\n<h2>&nbsp;<\/h2>\n<h2>Welche Rechte du an deinen Daten hast<\/h2>\n<p><!-- \/wp:heading --><!-- wp:paragraph --><\/p>\n<p>Wenn Sie ein Konto auf dieser Site besitzen oder Kommentare geschrieben haben, k\u00f6nnen Sie einen Export Ihrer bei uns gespeicherten personenbezogenen Daten anfordern, inklusive aller Daten, die Sie uns mitgeteilt haben. Dar\u00fcber hinaus k\u00f6nnen Sie die L\u00f6schung aller von Ihnen gespeicherten personenbezogenen Daten anfordern. Dies umfasst nicht die Daten, die wir aufgrund administrativer, rechtlicher oder sicherheitsrelevanter Notwendigkeiten aufbewahren m\u00fcssen.<\/p>\n<p><!-- \/wp:paragraph --><!-- wp:heading --><\/p>\n<h2>&nbsp;<\/h2>\n<h2>Wohin Ihre Daten gesendet werden<\/h2>\n<p><!-- \/wp:heading --><!-- wp:paragraph --><\/p>\n<p>Besucherkommentare k\u00f6nnten von einem automatisierten Dienst zur Spam-Erkennung untersucht werden.<\/p>\n<p><!-- \/wp:paragraph --><\/p>\t\t\t\t\t\t\t\t<\/div>\n\t\t\t\t<\/div>\n\t\t\t\t\t<\/div>\n\t\t<\/div>\n\t\t\t\t\t<\/div>\n\t\t<\/section>\n\t\t\t\t<\/div>","protected":false},"excerpt":{"rendered":"<p>Website Privacy Policy &nbsp; Who we are &nbsp;Our website address is: https:. &nbsp; Comments When visitors leave comments on the site we collect the data shown in the comments form, and also the visitor\u2019s IP address and browser user agent string to help spam detection. An anonymized string created from your email address (also called [&hellip;]<\/p>","protected":false},"author":2,"featured_media":0,"parent":0,"menu_order":27,"comment_status":"closed","ping_status":"closed","template":"","meta":{"_acf_changed":false,"footnotes":""},"class_list":["post-3","page","type-page","status-publish","hentry"],"acf":[],"yoast_head":"<!-- This site is optimized with the Yoast SEO Premium plugin v25.3.1 (Yoast SEO v25.7) - https:\/\/yoast.com\/wordpress\/plugins\/seo\/ -->\n<title>Privacy Policy - Container House Supplier &amp; Manufacturer | AKAY Prefabricated Homes Factory<\/title>\n<meta name=\"robots\" content=\"index, follow, max-snippet:-1, max-image-preview:large, max-video-preview:-1\" \/>\n<link rel=\"canonical\" href=\"https:\/\/www.akaycontainer.com\/de\/privacy-policy\/\" \/>\n<meta property=\"og:locale\" content=\"de_DE\" \/>\n<meta property=\"og:type\" content=\"article\" \/>\n<meta property=\"og:title\" content=\"Privacy Policy\" \/>\n<meta property=\"og:description\" content=\"Website Privacy Policy &nbsp; Who we are &nbsp;Our website address is: https:. &nbsp; Comments When visitors leave comments on the site we collect the data shown in the comments form, and also the visitor\u2019s IP address and browser user agent string to help spam detection. An anonymized string created from your email address (also called [&hellip;]\" \/>\n<meta property=\"og:url\" content=\"https:\/\/www.akaycontainer.com\/de\/privacy-policy\/\" \/>\n<meta property=\"og:site_name\" content=\"Container House Supplier &amp; Manufacturer | AKAY Prefabricated Homes Factory\" \/>\n<meta property=\"article:publisher\" content=\"https:\/\/www.facebook.com\/profile.php?id=100088436706265\" \/>\n<meta property=\"article:modified_time\" content=\"2024-11-30T01:57:08+00:00\" \/>\n<meta property=\"og:image\" content=\"https:\/\/www.akaycontainer.com\/wp-content\/uploads\/2025\/01\/yoast-seo-1200-675px.webp\" \/>\n\t<meta property=\"og:image:width\" content=\"1200\" \/>\n\t<meta property=\"og:image:height\" content=\"675\" \/>\n\t<meta property=\"og:image:type\" content=\"image\/webp\" \/>\n<meta name=\"twitter:card\" content=\"summary_large_image\" \/>\n<meta name=\"twitter:label1\" content=\"Gesch\u00e4tzte Lesezeit\" \/>\n\t<meta name=\"twitter:data1\" content=\"3\u00a0Minuten\" \/>\n<script type=\"application\/ld+json\" class=\"yoast-schema-graph\">{\"@context\":\"https:\/\/schema.org\",\"@graph\":[{\"@type\":\"WebPage\",\"@id\":\"https:\/\/www.akaycontainer.com\/privacy-policy\/\",\"url\":\"https:\/\/www.akaycontainer.com\/privacy-policy\/\",\"name\":\"Privacy Policy - Container House Supplier &amp; Manufacturer | AKAY Prefabricated Homes Factory\",\"isPartOf\":{\"@id\":\"https:\/\/www.akaycontainer.com\/#website\"},\"datePublished\":\"2024-01-17T09:02:31+00:00\",\"dateModified\":\"2024-11-30T01:57:08+00:00\",\"breadcrumb\":{\"@id\":\"https:\/\/www.akaycontainer.com\/privacy-policy\/#breadcrumb\"},\"inLanguage\":\"de\",\"potentialAction\":[{\"@type\":\"ReadAction\",\"target\":[\"https:\/\/www.akaycontainer.com\/privacy-policy\/\"]}]},{\"@type\":\"BreadcrumbList\",\"@id\":\"https:\/\/www.akaycontainer.com\/privacy-policy\/#breadcrumb\",\"itemListElement\":[{\"@type\":\"ListItem\",\"position\":1,\"name\":\"Home\",\"item\":\"https:\/\/www.akaycontainer.com\/\"},{\"@type\":\"ListItem\",\"position\":2,\"name\":\"Privacy Policy\"}]},{\"@type\":\"WebSite\",\"@id\":\"https:\/\/www.akaycontainer.com\/#website\",\"url\":\"https:\/\/www.akaycontainer.com\/\",\"name\":\"Container House Supplier & Manufacturer | AKAY Prefabricated Homes Factory\",\"description\":\"With 14 years of experience in prefabricated container house production, AKAY is your preferred supplier for high-quality container houses and customized projects.\",\"publisher\":{\"@id\":\"https:\/\/www.akaycontainer.com\/#organization\"},\"alternateName\":\"Container House Supplier | AKAY Source Factory - Modular Homes\",\"potentialAction\":[{\"@type\":\"SearchAction\",\"target\":{\"@type\":\"EntryPoint\",\"urlTemplate\":\"https:\/\/www.akaycontainer.com\/?s={search_term_string}\"},\"query-input\":{\"@type\":\"PropertyValueSpecification\",\"valueRequired\":true,\"valueName\":\"search_term_string\"}}],\"inLanguage\":\"de\"},{\"@type\":\"Organization\",\"@id\":\"https:\/\/www.akaycontainer.com\/#organization\",\"name\":\"Foshan Yakai Integrated Housing Technology Co., Ltd.\",\"alternateName\":\"AKAY Container House\",\"url\":\"https:\/\/www.akaycontainer.com\/\",\"logo\":{\"@type\":\"ImageObject\",\"inLanguage\":\"de\",\"@id\":\"https:\/\/www.akaycontainer.com\/#\/schema\/logo\/image\/\",\"url\":\"https:\/\/www.akaycontainer.com\/wp-content\/uploads\/2024\/07\/akaylogo0729.webp\",\"contentUrl\":\"https:\/\/www.akaycontainer.com\/wp-content\/uploads\/2024\/07\/akaylogo0729.webp\",\"width\":800,\"height\":219,\"caption\":\"Foshan Yakai Integrated Housing Technology Co., Ltd.\"},\"image\":{\"@id\":\"https:\/\/www.akaycontainer.com\/#\/schema\/logo\/image\/\"},\"sameAs\":[\"https:\/\/www.facebook.com\/profile.php?id=100088436706265\"]}]}<\/script>\n<!-- \/ Yoast SEO Premium plugin. -->","yoast_head_json":{"title":"Datenschutzrichtlinie - Lieferant und Hersteller von Containerh\u00e4usern | AKAY Fertighausfabrik","robots":{"index":"index","follow":"follow","max-snippet":"max-snippet:-1","max-image-preview":"max-image-preview:large","max-video-preview":"max-video-preview:-1"},"canonical":"https:\/\/www.akaycontainer.com\/de\/privacy-policy\/","og_locale":"de_DE","og_type":"article","og_title":"Privacy Policy","og_description":"Website Privacy Policy &nbsp; Who we are &nbsp;Our website address is: https:. &nbsp; Comments When visitors leave comments on the site we collect the data shown in the comments form, and also the visitor\u2019s IP address and browser user agent string to help spam detection. An anonymized string created from your email address (also called [&hellip;]","og_url":"https:\/\/www.akaycontainer.com\/de\/privacy-policy\/","og_site_name":"Container House Supplier &amp; Manufacturer | AKAY Prefabricated Homes Factory","article_publisher":"https:\/\/www.facebook.com\/profile.php?id=100088436706265","article_modified_time":"2024-11-30T01:57:08+00:00","og_image":[{"width":1200,"height":675,"url":"https:\/\/www.akaycontainer.com\/wp-content\/uploads\/2025\/01\/yoast-seo-1200-675px.webp","type":"image\/webp"}],"twitter_card":"summary_large_image","twitter_misc":{"Gesch\u00e4tzte Lesezeit":"3\u00a0Minuten"},"schema":{"@context":"https:\/\/schema.org","@graph":[{"@type":"WebPage","@id":"https:\/\/www.akaycontainer.com\/privacy-policy\/","url":"https:\/\/www.akaycontainer.com\/privacy-policy\/","name":"Datenschutzrichtlinie - Lieferant und Hersteller von Containerh\u00e4usern | AKAY Fertighausfabrik","isPartOf":{"@id":"https:\/\/www.akaycontainer.com\/#website"},"datePublished":"2024-01-17T09:02:31+00:00","dateModified":"2024-11-30T01:57:08+00:00","breadcrumb":{"@id":"https:\/\/www.akaycontainer.com\/privacy-policy\/#breadcrumb"},"inLanguage":"de","potentialAction":[{"@type":"ReadAction","target":["https:\/\/www.akaycontainer.com\/privacy-policy\/"]}]},{"@type":"BreadcrumbList","@id":"https:\/\/www.akaycontainer.com\/privacy-policy\/#breadcrumb","itemListElement":[{"@type":"ListItem","position":1,"name":"Home","item":"https:\/\/www.akaycontainer.com\/"},{"@type":"ListItem","position":2,"name":"Privacy Policy"}]},{"@type":"WebSite","@id":"https:\/\/www.akaycontainer.com\/#website","url":"https:\/\/www.akaycontainer.com\/","name":"Containerhaus Lieferant &amp; Hersteller | AKAY Fertighausfabrik","description":"With 14 years of experience in prefabricated container house production, AKAY is your preferred supplier for high-quality container houses and customized projects.","publisher":{"@id":"https:\/\/www.akaycontainer.com\/#organization"},"alternateName":"Container House Supplier | AKAY Source Factory - Modular Homes","potentialAction":[{"@type":"SearchAction","target":{"@type":"EntryPoint","urlTemplate":"https:\/\/www.akaycontainer.com\/?s={search_term_string}"},"query-input":{"@type":"PropertyValueSpecification","valueRequired":true,"valueName":"search_term_string"}}],"inLanguage":"de"},{"@type":"Organization","@id":"https:\/\/www.akaycontainer.com\/#organization","name":"Foshan Yakai Integrierte Wohnungstechnologie Co., Ltd.","alternateName":"AKAY Container House","url":"https:\/\/www.akaycontainer.com\/","logo":{"@type":"ImageObject","inLanguage":"de","@id":"https:\/\/www.akaycontainer.com\/#\/schema\/logo\/image\/","url":"https:\/\/www.akaycontainer.com\/wp-content\/uploads\/2024\/07\/akaylogo0729.webp","contentUrl":"https:\/\/www.akaycontainer.com\/wp-content\/uploads\/2024\/07\/akaylogo0729.webp","width":800,"height":219,"caption":"Foshan Yakai Integrated Housing Technology Co., Ltd."},"image":{"@id":"https:\/\/www.akaycontainer.com\/#\/schema\/logo\/image\/"},"sameAs":["https:\/\/www.facebook.com\/profile.php?id=100088436706265"]}]}},"_links":{"self":[{"href":"https:\/\/www.akaycontainer.com\/de\/wp-json\/wp\/v2\/pages\/3","targetHints":{"allow":["GET"]}}],"collection":[{"href":"https:\/\/www.akaycontainer.com\/de\/wp-json\/wp\/v2\/pages"}],"about":[{"href":"https:\/\/www.akaycontainer.com\/de\/wp-json\/wp\/v2\/types\/page"}],"author":[{"embeddable":true,"href":"https:\/\/www.akaycontainer.com\/de\/wp-json\/wp\/v2\/users\/2"}],"replies":[{"embeddable":true,"href":"https:\/\/www.akaycontainer.com\/de\/wp-json\/wp\/v2\/comments?post=3"}],"version-history":[{"count":0,"href":"https:\/\/www.akaycontainer.com\/de\/wp-json\/wp\/v2\/pages\/3\/revisions"}],"wp:attachment":[{"href":"https:\/\/www.akaycontainer.com\/de\/wp-json\/wp\/v2\/media?parent=3"}],"curies":[{"name":"wp","href":"https:\/\/api.w.org\/{rel}","templated":true}]}}