{"id":53310,"date":"2025-07-21T14:13:33","date_gmt":"2025-07-21T06:13:33","guid":{"rendered":"https:\/\/www.akaycontainer.com\/?page_id=53310"},"modified":"2025-07-23T17:26:09","modified_gmt":"2025-07-23T09:26:09","slug":"news","status":"publish","type":"page","link":"https:\/\/www.akaycontainer.com\/de\/about-us\/news\/","title":{"rendered":"Nachricht"},"content":{"rendered":"<div data-elementor-type=\"wp-page\" data-elementor-id=\"53310\" class=\"elementor elementor-53310\" data-elementor-post-type=\"page\">\n\t\t\t\t<div class=\"elementor-element elementor-element-d1b5d39 e-flex e-con-boxed e-con e-parent\" data-id=\"d1b5d39\" data-element_type=\"container\" data-settings=\"{&quot;background_background&quot;:&quot;classic&quot;}\">\n\t\t\t\t\t<div class=\"e-con-inner\">\n\t\t\t\t<div class=\"elementor-element elementor-element-9498ca6 elementor-invisible elementor-widget elementor-widget-heading\" data-id=\"9498ca6\" data-element_type=\"widget\" data-settings=\"{&quot;_animation&quot;:&quot;slideInUp&quot;}\" data-widget_type=\"heading.default\">\n\t\t\t\t<div class=\"elementor-widget-container\">\n\t\t\t\t\t<h1 class=\"elementor-heading-title elementor-size-default\">Nachricht<\/h1>\t\t\t\t<\/div>\n\t\t\t\t<\/div>\n\t\t\t\t\t<\/div>\n\t\t\t\t<\/div>\n\t\t<div class=\"elementor-element elementor-element-86395c2 e-flex e-con-boxed elementor-invisible e-con e-parent\" data-id=\"86395c2\" data-element_type=\"container\" data-settings=\"{&quot;animation&quot;:&quot;slideInUp&quot;,&quot;animation_delay&quot;:500}\">\n\t\t\t\t\t<div class=\"e-con-inner\">\n\t\t\t\t<div class=\"elementor-element elementor-element-8a12499 elementor-grid-3 elementor-grid-tablet-2 elementor-grid-mobile-1 elementor-posts--thumbnail-top elementor-card-shadow-yes elementor-posts__hover-gradient load-more-align-center elementor-widget elementor-widget-posts\" data-id=\"8a12499\" data-element_type=\"widget\" data-settings=\"{&quot;pagination_type&quot;:&quot;load_more_on_click&quot;,&quot;cards_columns&quot;:&quot;3&quot;,&quot;cards_columns_tablet&quot;:&quot;2&quot;,&quot;cards_columns_mobile&quot;:&quot;1&quot;,&quot;cards_row_gap&quot;:{&quot;unit&quot;:&quot;px&quot;,&quot;size&quot;:35,&quot;sizes&quot;:[]},&quot;cards_row_gap_tablet&quot;:{&quot;unit&quot;:&quot;px&quot;,&quot;size&quot;:&quot;&quot;,&quot;sizes&quot;:[]},&quot;cards_row_gap_mobile&quot;:{&quot;unit&quot;:&quot;px&quot;,&quot;size&quot;:&quot;&quot;,&quot;sizes&quot;:[]},&quot;load_more_spinner&quot;:{&quot;value&quot;:&quot;fas fa-spinner&quot;,&quot;library&quot;:&quot;fa-solid&quot;}}\" data-widget_type=\"posts.cards\">\n\t\t\t\t<div class=\"elementor-widget-container\">\n\t\t\t\t\t\t\t<div class=\"elementor-posts-container elementor-posts elementor-posts--skin-cards elementor-grid\">\n\t\t\t\t<article class=\"elementor-post elementor-grid-item post-51345 post type-post status-publish format-standard has-post-thumbnail hentry category-insights\">\n\t\t\t<div class=\"elementor-post__card\">\n\t\t\t\t<a class=\"elementor-post__thumbnail__link\" href=\"https:\/\/www.akaycontainer.com\/de\/merry-christmas-from-akay-prefabricated-container-house\/\" tabindex=\"-1\" ><div class=\"elementor-post__thumbnail\"><img fetchpriority=\"high\" decoding=\"async\" width=\"900\" height=\"900\" src=\"https:\/\/www.akaycontainer.com\/wp-content\/uploads\/2024\/12\/AKAY-Prefabricated-Container-House-wishes-you-a-sunny-holiday.webp\" class=\"attachment-full size-full wp-image-51354\" alt=\"\" srcset=\"https:\/\/www.akaycontainer.com\/wp-content\/uploads\/2024\/12\/AKAY-Prefabricated-Container-House-wishes-you-a-sunny-holiday.webp 900w, https:\/\/www.akaycontainer.com\/wp-content\/uploads\/2024\/12\/AKAY-Prefabricated-Container-House-wishes-you-a-sunny-holiday-300x300.webp 300w, https:\/\/www.akaycontainer.com\/wp-content\/uploads\/2024\/12\/AKAY-Prefabricated-Container-House-wishes-you-a-sunny-holiday-150x150.webp 150w, https:\/\/www.akaycontainer.com\/wp-content\/uploads\/2024\/12\/AKAY-Prefabricated-Container-House-wishes-you-a-sunny-holiday-768x768.webp 768w, https:\/\/www.akaycontainer.com\/wp-content\/uploads\/2024\/12\/AKAY-Prefabricated-Container-House-wishes-you-a-sunny-holiday-12x12.webp 12w, https:\/\/www.akaycontainer.com\/wp-content\/uploads\/2024\/12\/AKAY-Prefabricated-Container-House-wishes-you-a-sunny-holiday-600x600.webp 600w\" sizes=\"(max-width: 900px) 100vw, 900px\" \/><\/div><\/a>\n\t\t\t\t<div class=\"elementor-post__text\">\n\t\t\t\t<h3 class=\"elementor-post__title\">\n\t\t\t<a href=\"https:\/\/www.akaycontainer.com\/de\/merry-christmas-from-akay-prefabricated-container-house\/\" >\n\t\t\t\tFrohe Weihnachten! Von AKAY Fertigcontainerhaus\t\t\t<\/a>\n\t\t<\/h3>\n\t\t\t\t<div class=\"elementor-post__excerpt\">\n\t\t\t<p>Ich w\u00fcnsche allen ein frohes Weihnachtsfest, voller Freude und W\u00e4rme. Diese Jahreszeit erinnert uns an die Bedeutung von Freundschaft und Zusammenhalt.<\/p>\n\t\t<\/div>\n\t\t\t\t<\/div>\n\t\t\t\t\t<\/div>\n\t\t<\/article>\n\t\t\t\t<article class=\"elementor-post elementor-grid-item post-49116 post type-post status-publish format-standard has-post-thumbnail hentry category-insights\">\n\t\t\t<div class=\"elementor-post__card\">\n\t\t\t\t<a class=\"elementor-post__thumbnail__link\" href=\"https:\/\/www.akaycontainer.com\/de\/5-desain-rumah-kontainer-2-lantai-yang-menakjubkan-dan-hemat-biaya\/\" tabindex=\"-1\" ><div class=\"elementor-post__thumbnail\"><img decoding=\"async\" width=\"1000\" height=\"1000\" src=\"https:\/\/www.akaycontainer.com\/wp-content\/uploads\/2024\/11\/5-Desain-Rumah-Kontainer-2-Lantai-yang-Menakjubkan-dan-Hemat-Biaya-3.webp\" class=\"attachment-full size-full wp-image-49119\" alt=\"\" srcset=\"https:\/\/www.akaycontainer.com\/wp-content\/uploads\/2024\/11\/5-Desain-Rumah-Kontainer-2-Lantai-yang-Menakjubkan-dan-Hemat-Biaya-3.webp 1000w, https:\/\/www.akaycontainer.com\/wp-content\/uploads\/2024\/11\/5-Desain-Rumah-Kontainer-2-Lantai-yang-Menakjubkan-dan-Hemat-Biaya-3-300x300.webp 300w, https:\/\/www.akaycontainer.com\/wp-content\/uploads\/2024\/11\/5-Desain-Rumah-Kontainer-2-Lantai-yang-Menakjubkan-dan-Hemat-Biaya-3-150x150.webp 150w, https:\/\/www.akaycontainer.com\/wp-content\/uploads\/2024\/11\/5-Desain-Rumah-Kontainer-2-Lantai-yang-Menakjubkan-dan-Hemat-Biaya-3-768x768.webp 768w, https:\/\/www.akaycontainer.com\/wp-content\/uploads\/2024\/11\/5-Desain-Rumah-Kontainer-2-Lantai-yang-Menakjubkan-dan-Hemat-Biaya-3-600x600.webp 600w, https:\/\/www.akaycontainer.com\/wp-content\/uploads\/2024\/11\/5-Desain-Rumah-Kontainer-2-Lantai-yang-Menakjubkan-dan-Hemat-Biaya-3-100x100.webp 100w\" sizes=\"(max-width: 1000px) 100vw, 1000px\" \/><\/div><\/a>\n\t\t\t\t<div class=\"elementor-post__text\">\n\t\t\t\t<h3 class=\"elementor-post__title\">\n\t\t\t<a href=\"https:\/\/www.akaycontainer.com\/de\/5-desain-rumah-kontainer-2-lantai-yang-menakjubkan-dan-hemat-biaya\/\" >\n\t\t\t\t5 Design-Raum-Container 2 Lantai Yang Menakjubkan und Hemat Biaya\t\t\t<\/a>\n\t\t<\/h3>\n\t\t\t\t<div class=\"elementor-post__excerpt\">\n\t\t\t<p>Jelajahi 5 desain rumah kontainer 2 lantai yang menakjubkan dan hemat biaya. Dapatkan inspirasi dari container house dan prefabricated house untuk hunian ideal! NO.1 White<\/p>\n\t\t<\/div>\n\t\t\t\t<\/div>\n\t\t\t\t\t<\/div>\n\t\t<\/article>\n\t\t\t\t<article class=\"elementor-post elementor-grid-item post-48849 post type-post status-publish format-standard hentry category-insights\">\n\t\t\t<div class=\"elementor-post__card\">\n\t\t\t\t<div class=\"elementor-post__text\">\n\t\t\t\t<h3 class=\"elementor-post__title\">\n\t\t\t<a href=\"https:\/\/www.akaycontainer.com\/de\/custom-double-layer-homestay-container-house-design-plan\/\" >\n\t\t\t\tIndividuell gestaltetes, doppelst\u00f6ckiges Containerhaus f\u00fcr Ferienunterk\u00fcnfte | Containerb\u00fcro-L\u00f6sungen\t\t\t<\/a>\n\t\t<\/h3>\n\t\t\t\t<div class=\"elementor-post__excerpt\">\n\t\t\t<p>\u00dcber A-Frame-H\u00e4user: Ein A-Frame-Haus ist ein unverwechselbarer Architekturstil, der sich durch sein steiles Dach auszeichnet, das dem Buchstaben \u201eA\u201c \u00e4hnelt. Seine minimalistische \u00c4sthetik und<\/p>\n\t\t<\/div>\n\t\t\t\t<\/div>\n\t\t\t\t\t<\/div>\n\t\t<\/article>\n\t\t\t\t<article class=\"elementor-post elementor-grid-item post-48388 post type-post status-publish format-standard has-post-thumbnail hentry category-insights\">\n\t\t\t<div class=\"elementor-post__card\">\n\t\t\t\t<a class=\"elementor-post__thumbnail__link\" href=\"https:\/\/www.akaycontainer.com\/de\/creative-a-frame-house-design-plan\/\" tabindex=\"-1\" ><div class=\"elementor-post__thumbnail\"><img decoding=\"async\" width=\"1000\" height=\"1000\" src=\"https:\/\/www.akaycontainer.com\/wp-content\/uploads\/2024\/09\/Creative-A-Frame-house-design-plan-7.webp\" class=\"attachment-full size-full wp-image-48396\" alt=\"Creative A Frame house design plan (7)\" srcset=\"https:\/\/www.akaycontainer.com\/wp-content\/uploads\/2024\/09\/Creative-A-Frame-house-design-plan-7.webp 1000w, https:\/\/www.akaycontainer.com\/wp-content\/uploads\/2024\/09\/Creative-A-Frame-house-design-plan-7-300x300.webp 300w, https:\/\/www.akaycontainer.com\/wp-content\/uploads\/2024\/09\/Creative-A-Frame-house-design-plan-7-150x150.webp 150w, https:\/\/www.akaycontainer.com\/wp-content\/uploads\/2024\/09\/Creative-A-Frame-house-design-plan-7-768x768.webp 768w, https:\/\/www.akaycontainer.com\/wp-content\/uploads\/2024\/09\/Creative-A-Frame-house-design-plan-7-600x600.webp 600w, https:\/\/www.akaycontainer.com\/wp-content\/uploads\/2024\/09\/Creative-A-Frame-house-design-plan-7-100x100.webp 100w\" sizes=\"(max-width: 1000px) 100vw, 1000px\" \/><\/div><\/a>\n\t\t\t\t<div class=\"elementor-post__text\">\n\t\t\t\t<h3 class=\"elementor-post__title\">\n\t\t\t<a href=\"https:\/\/www.akaycontainer.com\/de\/creative-a-frame-house-design-plan\/\" >\n\t\t\t\tKreative A-Rahmenhaus-Designpl\u00e4ne | Innovative Ideen f\u00fcr A-Rahmenh\u00e4user\t\t\t<\/a>\n\t\t<\/h3>\n\t\t\t\t<div class=\"elementor-post__excerpt\">\n\t\t\t<p>\u00dcber A-Frame-H\u00e4user: Ein A-Frame-Haus ist ein unverwechselbarer Architekturstil, der sich durch sein steiles Dach auszeichnet, das dem Buchstaben \u201eA\u201c \u00e4hnelt. Seine minimalistische \u00c4sthetik und<\/p>\n\t\t<\/div>\n\t\t\t\t<\/div>\n\t\t\t\t\t<\/div>\n\t\t<\/article>\n\t\t\t\t<\/div>\n\t\t\t\t\t<span class=\"e-load-more-spinner\">\n\t\t\t\t<svg aria-hidden=\"true\" class=\"e-font-icon-svg e-fas-spinner\" viewbox=\"0 0 512 512\" xmlns=\"http:\/\/www.w3.org\/2000\/svg\"><path d=\"M304 48c0 26.51-21.49 48-48 48s-48-21.49-48-48 21.49-48 48-48 48 21.49 48 48zm-48 368c-26.51 0-48 21.49-48 48s21.49 48 48 48 48-21.49 48-48-21.49-48-48-48zm208-208c-26.51 0-48 21.49-48 48s21.49 48 48 48 48-21.49 48-48-21.49-48-48-48zM96 256c0-26.51-21.49-48-48-48S0 229.49 0 256s21.49 48 48 48 48-21.49 48-48zm12.922 99.078c-26.51 0-48 21.49-48 48s21.49 48 48 48 48-21.49 48-48c0-26.509-21.491-48-48-48zm294.156 0c-26.51 0-48 21.49-48 48s21.49 48 48 48 48-21.49 48-48c0-26.509-21.49-48-48-48zM108.922 60.922c-26.51 0-48 21.49-48 48s21.49 48 48 48 48-21.49 48-48-21.491-48-48-48z\"><\/path><\/svg>\t\t\t<\/span>\n\t\t\n\t\t\t\t\t\t<\/div>\n\t\t\t\t<\/div>\n\t\t\t\t\t<\/div>\n\t\t\t\t<\/div>\n\t\t\t\t<\/div>","protected":false},"excerpt":{"rendered":"","protected":false},"author":5,"featured_media":47868,"parent":338,"menu_order":5,"comment_status":"closed","ping_status":"closed","template":"","meta":{"_acf_changed":false,"footnotes":""},"class_list":["post-53310","page","type-page","status-publish","has-post-thumbnail","hentry"],"acf":[],"yoast_head":"<!-- This site is optimized with the Yoast SEO Premium plugin v25.3.1 (Yoast SEO v25.7) - https:\/\/yoast.com\/wordpress\/plugins\/seo\/ -->\n<title>AKAY Informed | Your Trusted Source for Latest Insights<\/title>\n<meta name=\"description\" content=\"Stay ahead with AKAY Informed \u2013 delivering timely news, expert analysis, and valuable updates to keep you informed. Explore now for fresh perspectives!\" \/>\n<meta name=\"robots\" content=\"index, follow, max-snippet:-1, max-image-preview:large, max-video-preview:-1\" \/>\n<link rel=\"canonical\" href=\"https:\/\/www.akaycontainer.com\/de\/about-us\/news\/\" \/>\n<meta property=\"og:locale\" content=\"de_DE\" \/>\n<meta property=\"og:type\" content=\"article\" \/>\n<meta property=\"og:title\" content=\"News\" \/>\n<meta property=\"og:description\" content=\"Stay ahead with AKAY Informed \u2013 delivering timely news, expert analysis, and valuable updates to keep you informed. Explore now for fresh perspectives!\" \/>\n<meta property=\"og:url\" content=\"https:\/\/www.akaycontainer.com\/de\/about-us\/news\/\" \/>\n<meta property=\"og:site_name\" content=\"Container House Supplier &amp; Manufacturer | AKAY Prefabricated Homes Factory\" \/>\n<meta property=\"article:publisher\" content=\"https:\/\/www.facebook.com\/profile.php?id=100088436706265\" \/>\n<meta property=\"article:modified_time\" content=\"2025-07-23T09:26:09+00:00\" \/>\n<meta property=\"og:image\" content=\"https:\/\/www.akaycontainer.com\/wp-content\/uploads\/2024\/08\/logoo.webp\" \/>\n\t<meta property=\"og:image:width\" content=\"500\" \/>\n\t<meta property=\"og:image:height\" content=\"500\" \/>\n\t<meta property=\"og:image:type\" content=\"image\/webp\" \/>\n<meta name=\"twitter:card\" content=\"summary_large_image\" \/>\n<meta name=\"twitter:label1\" content=\"Gesch\u00e4tzte Lesezeit\" \/>\n\t<meta name=\"twitter:data1\" content=\"1\u00a0Minute\" \/>\n<script type=\"application\/ld+json\" class=\"yoast-schema-graph\">{\"@context\":\"https:\/\/schema.org\",\"@graph\":[{\"@type\":\"WebPage\",\"@id\":\"https:\/\/www.akaycontainer.com\/about-us\/news\/\",\"url\":\"https:\/\/www.akaycontainer.com\/about-us\/news\/\",\"name\":\"AKAY Informed | Your Trusted Source for Latest Insights\",\"isPartOf\":{\"@id\":\"https:\/\/www.akaycontainer.com\/#website\"},\"primaryImageOfPage\":{\"@id\":\"https:\/\/www.akaycontainer.com\/about-us\/news\/#primaryimage\"},\"image\":{\"@id\":\"https:\/\/www.akaycontainer.com\/about-us\/news\/#primaryimage\"},\"thumbnailUrl\":\"https:\/\/www.akaycontainer.com\/wp-content\/uploads\/2024\/08\/logoo.webp\",\"datePublished\":\"2025-07-21T06:13:33+00:00\",\"dateModified\":\"2025-07-23T09:26:09+00:00\",\"description\":\"Stay ahead with AKAY Informed \u2013 delivering timely news, expert analysis, and valuable updates to keep you informed. Explore now for fresh perspectives!\",\"breadcrumb\":{\"@id\":\"https:\/\/www.akaycontainer.com\/about-us\/news\/#breadcrumb\"},\"inLanguage\":\"de\",\"potentialAction\":[{\"@type\":\"ReadAction\",\"target\":[\"https:\/\/www.akaycontainer.com\/about-us\/news\/\"]}]},{\"@type\":\"ImageObject\",\"inLanguage\":\"de\",\"@id\":\"https:\/\/www.akaycontainer.com\/about-us\/news\/#primaryimage\",\"url\":\"https:\/\/www.akaycontainer.com\/wp-content\/uploads\/2024\/08\/logoo.webp\",\"contentUrl\":\"https:\/\/www.akaycontainer.com\/wp-content\/uploads\/2024\/08\/logoo.webp\",\"width\":500,\"height\":500,\"caption\":\"logoo\"},{\"@type\":\"BreadcrumbList\",\"@id\":\"https:\/\/www.akaycontainer.com\/about-us\/news\/#breadcrumb\",\"itemListElement\":[{\"@type\":\"ListItem\",\"position\":1,\"name\":\"Home\",\"item\":\"https:\/\/www.akaycontainer.com\/\"},{\"@type\":\"ListItem\",\"position\":2,\"name\":\"About US\",\"item\":\"https:\/\/www.akaycontainer.com\/about-us\/\"},{\"@type\":\"ListItem\",\"position\":3,\"name\":\"News\"}]},{\"@type\":\"WebSite\",\"@id\":\"https:\/\/www.akaycontainer.com\/#website\",\"url\":\"https:\/\/www.akaycontainer.com\/\",\"name\":\"Container House Supplier & Manufacturer | AKAY Prefabricated Homes Factory\",\"description\":\"With 14 years of experience in prefabricated container house production, AKAY is your preferred supplier for high-quality container houses and customized projects.\",\"publisher\":{\"@id\":\"https:\/\/www.akaycontainer.com\/#organization\"},\"alternateName\":\"Container House Supplier | AKAY Source Factory - Modular Homes\",\"potentialAction\":[{\"@type\":\"SearchAction\",\"target\":{\"@type\":\"EntryPoint\",\"urlTemplate\":\"https:\/\/www.akaycontainer.com\/?s={search_term_string}\"},\"query-input\":{\"@type\":\"PropertyValueSpecification\",\"valueRequired\":true,\"valueName\":\"search_term_string\"}}],\"inLanguage\":\"de\"},{\"@type\":\"Organization\",\"@id\":\"https:\/\/www.akaycontainer.com\/#organization\",\"name\":\"Foshan Yakai Integrated Housing Technology Co., Ltd.\",\"alternateName\":\"AKAY Container House\",\"url\":\"https:\/\/www.akaycontainer.com\/\",\"logo\":{\"@type\":\"ImageObject\",\"inLanguage\":\"de\",\"@id\":\"https:\/\/www.akaycontainer.com\/#\/schema\/logo\/image\/\",\"url\":\"https:\/\/www.akaycontainer.com\/wp-content\/uploads\/2024\/07\/akaylogo0729.webp\",\"contentUrl\":\"https:\/\/www.akaycontainer.com\/wp-content\/uploads\/2024\/07\/akaylogo0729.webp\",\"width\":800,\"height\":219,\"caption\":\"Foshan Yakai Integrated Housing Technology Co., Ltd.\"},\"image\":{\"@id\":\"https:\/\/www.akaycontainer.com\/#\/schema\/logo\/image\/\"},\"sameAs\":[\"https:\/\/www.facebook.com\/profile.php?id=100088436706265\"]}]}<\/script>\n<!-- \/ Yoast SEO Premium plugin. -->","yoast_head_json":{"title":"AKAY Informed | Your Trusted Source for Latest Insights","description":"Stay ahead with AKAY Informed \u2013 delivering timely news, expert analysis, and valuable updates to keep you informed. Explore now for fresh perspectives!","robots":{"index":"index","follow":"follow","max-snippet":"max-snippet:-1","max-image-preview":"max-image-preview:large","max-video-preview":"max-video-preview:-1"},"canonical":"https:\/\/www.akaycontainer.com\/de\/about-us\/news\/","og_locale":"de_DE","og_type":"article","og_title":"News","og_description":"Stay ahead with AKAY Informed \u2013 delivering timely news, expert analysis, and valuable updates to keep you informed. Explore now for fresh perspectives!","og_url":"https:\/\/www.akaycontainer.com\/de\/about-us\/news\/","og_site_name":"Container House Supplier &amp; Manufacturer | AKAY Prefabricated Homes Factory","article_publisher":"https:\/\/www.facebook.com\/profile.php?id=100088436706265","article_modified_time":"2025-07-23T09:26:09+00:00","og_image":[{"width":500,"height":500,"url":"https:\/\/www.akaycontainer.com\/wp-content\/uploads\/2024\/08\/logoo.webp","type":"image\/webp"}],"twitter_card":"summary_large_image","twitter_misc":{"Gesch\u00e4tzte Lesezeit":"1\u00a0Minute"},"schema":{"@context":"https:\/\/schema.org","@graph":[{"@type":"WebPage","@id":"https:\/\/www.akaycontainer.com\/about-us\/news\/","url":"https:\/\/www.akaycontainer.com\/about-us\/news\/","name":"AKAY Informed | Your Trusted Source for Latest Insights","isPartOf":{"@id":"https:\/\/www.akaycontainer.com\/#website"},"primaryImageOfPage":{"@id":"https:\/\/www.akaycontainer.com\/about-us\/news\/#primaryimage"},"image":{"@id":"https:\/\/www.akaycontainer.com\/about-us\/news\/#primaryimage"},"thumbnailUrl":"https:\/\/www.akaycontainer.com\/wp-content\/uploads\/2024\/08\/logoo.webp","datePublished":"2025-07-21T06:13:33+00:00","dateModified":"2025-07-23T09:26:09+00:00","description":"Stay ahead with AKAY Informed \u2013 delivering timely news, expert analysis, and valuable updates to keep you informed. Explore now for fresh perspectives!","breadcrumb":{"@id":"https:\/\/www.akaycontainer.com\/about-us\/news\/#breadcrumb"},"inLanguage":"de","potentialAction":[{"@type":"ReadAction","target":["https:\/\/www.akaycontainer.com\/about-us\/news\/"]}]},{"@type":"ImageObject","inLanguage":"de","@id":"https:\/\/www.akaycontainer.com\/about-us\/news\/#primaryimage","url":"https:\/\/www.akaycontainer.com\/wp-content\/uploads\/2024\/08\/logoo.webp","contentUrl":"https:\/\/www.akaycontainer.com\/wp-content\/uploads\/2024\/08\/logoo.webp","width":500,"height":500,"caption":"logoo"},{"@type":"BreadcrumbList","@id":"https:\/\/www.akaycontainer.com\/about-us\/news\/#breadcrumb","itemListElement":[{"@type":"ListItem","position":1,"name":"Home","item":"https:\/\/www.akaycontainer.com\/"},{"@type":"ListItem","position":2,"name":"About US","item":"https:\/\/www.akaycontainer.com\/about-us\/"},{"@type":"ListItem","position":3,"name":"News"}]},{"@type":"WebSite","@id":"https:\/\/www.akaycontainer.com\/#website","url":"https:\/\/www.akaycontainer.com\/","name":"Containerhaus Lieferant &amp; Hersteller | AKAY Fertighausfabrik","description":"With 14 years of experience in prefabricated container house production, AKAY is your preferred supplier for high-quality container houses and customized projects.","publisher":{"@id":"https:\/\/www.akaycontainer.com\/#organization"},"alternateName":"Container House Supplier | AKAY Source Factory - Modular Homes","potentialAction":[{"@type":"SearchAction","target":{"@type":"EntryPoint","urlTemplate":"https:\/\/www.akaycontainer.com\/?s={search_term_string}"},"query-input":{"@type":"PropertyValueSpecification","valueRequired":true,"valueName":"search_term_string"}}],"inLanguage":"de"},{"@type":"Organization","@id":"https:\/\/www.akaycontainer.com\/#organization","name":"Foshan Yakai Integrierte Wohnungstechnologie Co., Ltd.","alternateName":"AKAY Container House","url":"https:\/\/www.akaycontainer.com\/","logo":{"@type":"ImageObject","inLanguage":"de","@id":"https:\/\/www.akaycontainer.com\/#\/schema\/logo\/image\/","url":"https:\/\/www.akaycontainer.com\/wp-content\/uploads\/2024\/07\/akaylogo0729.webp","contentUrl":"https:\/\/www.akaycontainer.com\/wp-content\/uploads\/2024\/07\/akaylogo0729.webp","width":800,"height":219,"caption":"Foshan Yakai Integrated Housing Technology Co., Ltd."},"image":{"@id":"https:\/\/www.akaycontainer.com\/#\/schema\/logo\/image\/"},"sameAs":["https:\/\/www.facebook.com\/profile.php?id=100088436706265"]}]}},"_links":{"self":[{"href":"https:\/\/www.akaycontainer.com\/de\/wp-json\/wp\/v2\/pages\/53310","targetHints":{"allow":["GET"]}}],"collection":[{"href":"https:\/\/www.akaycontainer.com\/de\/wp-json\/wp\/v2\/pages"}],"about":[{"href":"https:\/\/www.akaycontainer.com\/de\/wp-json\/wp\/v2\/types\/page"}],"author":[{"embeddable":true,"href":"https:\/\/www.akaycontainer.com\/de\/wp-json\/wp\/v2\/users\/5"}],"replies":[{"embeddable":true,"href":"https:\/\/www.akaycontainer.com\/de\/wp-json\/wp\/v2\/comments?post=53310"}],"version-history":[{"count":0,"href":"https:\/\/www.akaycontainer.com\/de\/wp-json\/wp\/v2\/pages\/53310\/revisions"}],"up":[{"embeddable":true,"href":"https:\/\/www.akaycontainer.com\/de\/wp-json\/wp\/v2\/pages\/338"}],"wp:featuredmedia":[{"embeddable":true,"href":"https:\/\/www.akaycontainer.com\/de\/wp-json\/wp\/v2\/media\/47868"}],"wp:attachment":[{"href":"https:\/\/www.akaycontainer.com\/de\/wp-json\/wp\/v2\/media?parent=53310"}],"curies":[{"name":"wp","href":"https:\/\/api.w.org\/{rel}","templated":true}]}}