{"id":3,"date":"2024-01-17T09:02:31","date_gmt":"2024-01-17T09:02:31","guid":{"rendered":"https:\/?page_id=3"},"modified":"2024-11-30T09:57:08","modified_gmt":"2024-11-30T01:57:08","slug":"privacy-policy","status":"publish","type":"page","link":"https:\/\/www.akaycontainer.com\/es\/privacy-policy\/","title":{"rendered":"pol\u00edtica de privacidad"},"content":{"rendered":"<div data-elementor-type=\"wp-page\" data-elementor-id=\"3\" class=\"elementor elementor-3\" data-elementor-post-type=\"page\">\n\t\t\t\t\t\t<section class=\"elementor-section elementor-top-section elementor-element elementor-element-67fccea6 elementor-section-boxed elementor-section-height-default elementor-section-height-default\" data-id=\"67fccea6\" data-element_type=\"section\">\n\t\t\t\t\t\t<div class=\"elementor-container elementor-column-gap-default\">\n\t\t\t\t\t<div class=\"elementor-column elementor-col-100 elementor-top-column elementor-element elementor-element-335610b\" data-id=\"335610b\" data-element_type=\"column\">\n\t\t\t<div class=\"elementor-widget-wrap elementor-element-populated\">\n\t\t\t\t\t\t<div class=\"elementor-element elementor-element-7eb7c89c elementor-widget__width-initial elementor-widget elementor-widget-text-editor\" data-id=\"7eb7c89c\" data-element_type=\"widget\" data-widget_type=\"text-editor.default\">\n\t\t\t\t<div class=\"elementor-widget-container\">\n\t\t\t\t\t\t\t\t\t<h1>Pol\u00edtica de privacidad del sitio web<\/h1>\n<h2>&nbsp;<\/h2>\n<h2>Quienes somos<\/h2>\n<p><!-- \/wp:heading --><!-- wp:paragraph --><\/p>\n<p><strong class=\"privacy-policy-tutorial\">&nbsp;<\/strong>La direcci\u00f3n de nuestra web es: https:.<\/p>\n<p><!-- \/wp:paragraph --><!-- wp:heading --><\/p>\n<h2>&nbsp;<\/h2>\n<h2>Comentarios<\/h2>\n<p><!-- \/wp:heading --><!-- wp:paragraph --><\/p>\n<p>Cuando los visitantes dejan comentarios en el sitio, recopilamos los datos que se muestran en el formulario de comentarios, y tambi\u00e9n la direcci\u00f3n IP del visitante y la cadena del agente de usuario del navegador para ayudar a la detecci\u00f3n de spam.<\/p>\n<p><!-- \/wp:paragraph --><!-- wp:paragraph --><\/p>\n<p>Es posible que se proporcione al servicio Gravatar una cadena an\u00f3nima creada a partir de su direcci\u00f3n de correo electr\u00f3nico (tambi\u00e9n llamada hash) para ver si la est\u00e1 utilizando. La pol\u00edtica de privacidad del servicio Gravatar est\u00e1 disponible aqu\u00ed: https:\/\/automattic.com\/privacy\/. Despu\u00e9s de la aprobaci\u00f3n de su comentario, su foto de perfil es visible para el p\u00fablico en el contexto de su comentario.<\/p>\n<p><!-- \/wp:paragraph --><!-- wp:heading --><\/p>\n<h2>&nbsp;<\/h2>\n<h2>Medios de comunicaci\u00f3n<\/h2>\n<p><!-- \/wp:heading --><!-- wp:paragraph --><\/p>\n<p>Si subes im\u00e1genes al sitio web, debes evitar subir im\u00e1genes con datos de ubicaci\u00f3n incrustados (GPS EXIF). Los visitantes del sitio web pueden descargar y extraer cualquier dato de ubicaci\u00f3n de las im\u00e1genes del sitio web.<\/p>\n<p><!-- \/wp:paragraph --><!-- wp:heading --><\/p>\n<h2>&nbsp;<\/h2>\n<h2>Galletas<\/h2>\n<p><!-- \/wp:heading --><!-- wp:paragraph --><\/p>\n<p>Si dejas un comentario en nuestro sitio puedes elegir guardar tu nombre, direcci\u00f3n de correo electr\u00f3nico y sitio web en cookies. Esto es para tu comodidad, para que no tengas que volver a rellenar tus datos cuando dejes otro comentario. Estas cookies durar\u00e1n un a\u00f1o.<\/p>\n<p><!-- \/wp:paragraph --><!-- wp:paragraph --><\/p>\n<p>Si visita nuestra p\u00e1gina de inicio de sesi\u00f3n, instalaremos una cookie temporal para determinar si su navegador acepta cookies. Esta cookie no contiene datos personales y se elimina al cerrar el navegador.<\/p>\n<p><!-- \/wp:paragraph --><!-- wp:paragraph --><\/p>\n<p>Cuando inicie sesi\u00f3n, tambi\u00e9n instalaremos varias cookies para guardar su informaci\u00f3n de inicio de sesi\u00f3n y sus opciones de visualizaci\u00f3n de pantalla. Las cookies de inicio de sesi\u00f3n duran dos d\u00edas y las cookies de opciones de pantalla duran un a\u00f1o. Si selecciona &quot;Recordarme&quot;, su inicio de sesi\u00f3n se mantendr\u00e1 durante dos semanas. Si cierra sesi\u00f3n en su cuenta, se eliminar\u00e1n las cookies de inicio de sesi\u00f3n.<\/p>\n<p><!-- \/wp:paragraph --><!-- wp:paragraph --><\/p>\n<p>Si editas o publicas un art\u00edculo, se guardar\u00e1 una cookie adicional en tu navegador. Esta cookie no incluye datos personales y simplemente indica el ID de publicaci\u00f3n del art\u00edculo que acabas de editar. Caduca al cabo de 1 d\u00eda.<\/p>\n<p><!-- \/wp:paragraph --><!-- wp:heading --><\/p>\n<h2>&nbsp;<\/h2>\n<h2>Contenido incrustado de otros sitios web<\/h2>\n<p><!-- \/wp:heading --><!-- wp:paragraph --><\/p>\n<p>Los art\u00edculos de este sitio pueden incluir contenido incrustado (por ejemplo, v\u00eddeos, im\u00e1genes, art\u00edculos, etc.). El contenido incrustado de otros sitios web se comporta exactamente de la misma manera que si el visitante hubiera visitado el otro sitio web.<\/p>\n<p><!-- \/wp:paragraph --><!-- wp:paragraph --><\/p>\n<p>Estos sitios web pueden recopilar datos sobre usted, utilizar cookies, incrustar un seguimiento adicional de terceros y supervisar su interacci\u00f3n con ese contenido incrustado, incluido el seguimiento de su interacci\u00f3n con el contenido incrustado si tiene una cuenta y est\u00e1 conectado a ese sitio web.<\/p>\n<p><!-- \/wp:paragraph --><!-- wp:heading --><\/p>\n<h2>&nbsp;<\/h2>\n<h2>Con qui\u00e9n compartimos tus datos<\/h2>\n<p><!-- \/wp:heading --><!-- wp:paragraph --><\/p>\n<p>Si solicita un restablecimiento de contrase\u00f1a, su direcci\u00f3n IP se incluir\u00e1 en el correo electr\u00f3nico de restablecimiento.<\/p>\n<p><!-- \/wp:paragraph --><!-- wp:heading --><\/p>\n<h2>&nbsp;<\/h2>\n<h2>Durante cu\u00e1nto tiempo conservamos sus datos<\/h2>\n<p><!-- \/wp:heading --><!-- wp:paragraph --><\/p>\n<p>Si dejas un comentario, el comentario y sus metadatos se conservan indefinidamente. Esto es para que podamos reconocer y aprobar autom\u00e1ticamente cualquier comentario posterior en lugar de mantenerlos en una cola de moderaci\u00f3n.<\/p>\n<p><!-- \/wp:paragraph --><!-- wp:paragraph --><\/p>\n<p>De los usuarios que se registran en nuestro sitio web (si los hay), tambi\u00e9n almacenamos la informaci\u00f3n personal que proporcionan en su perfil de usuario. Todos los usuarios pueden ver, editar o eliminar su informaci\u00f3n personal en cualquier momento (excepto que no pueden cambiar su nombre de usuario). Los administradores del sitio web tambi\u00e9n pueden ver y editar esa informaci\u00f3n.<\/p>\n<p><!-- \/wp:paragraph --><!-- wp:heading --><\/p>\n<h2>&nbsp;<\/h2>\n<h2>Qu\u00e9 derechos tienes sobre tus datos<\/h2>\n<p><!-- \/wp:heading --><!-- wp:paragraph --><\/p>\n<p>Si tienes una cuenta en este sitio o has dejado comentarios, puedes solicitar recibir un archivo exportado de los datos personales que tenemos sobre ti, incluyendo cualquier dato que nos hayas proporcionado. Tambi\u00e9n puedes solicitar que borremos cualquier dato personal que tengamos sobre ti. Esto no incluye ning\u00fan dato que estemos obligados a conservar con fines administrativos, legales o de seguridad.<\/p>\n<p><!-- \/wp:paragraph --><!-- wp:heading --><\/p>\n<h2>&nbsp;<\/h2>\n<h2>D\u00f3nde se env\u00edan sus datos<\/h2>\n<p><!-- \/wp:heading --><!-- wp:paragraph --><\/p>\n<p>Los comentarios de los visitantes pueden revisarse a trav\u00e9s de un servicio de detecci\u00f3n autom\u00e1tica de spam.<\/p>\n<p><!-- \/wp:paragraph --><\/p>\t\t\t\t\t\t\t\t<\/div>\n\t\t\t\t<\/div>\n\t\t\t\t\t<\/div>\n\t\t<\/div>\n\t\t\t\t\t<\/div>\n\t\t<\/section>\n\t\t\t\t<\/div>","protected":false},"excerpt":{"rendered":"<p>Website Privacy Policy &nbsp; Who we are &nbsp;Our website address is: https:. &nbsp; Comments When visitors leave comments on the site we collect the data shown in the comments form, and also the visitor\u2019s IP address and browser user agent string to help spam detection. An anonymized string created from your email address (also called [&hellip;]<\/p>","protected":false},"author":2,"featured_media":0,"parent":0,"menu_order":27,"comment_status":"closed","ping_status":"closed","template":"","meta":{"_acf_changed":false,"footnotes":""},"class_list":["post-3","page","type-page","status-publish","hentry"],"acf":[],"yoast_head":"<!-- This site is optimized with the Yoast SEO Premium plugin v25.3.1 (Yoast SEO v25.7) - https:\/\/yoast.com\/wordpress\/plugins\/seo\/ -->\n<title>Privacy Policy - Container House Supplier &amp; Manufacturer | AKAY Prefabricated Homes Factory<\/title>\n<meta name=\"robots\" content=\"index, follow, max-snippet:-1, max-image-preview:large, max-video-preview:-1\" \/>\n<link rel=\"canonical\" href=\"https:\/\/www.akaycontainer.com\/es\/privacy-policy\/\" \/>\n<meta property=\"og:locale\" content=\"es_ES\" \/>\n<meta property=\"og:type\" content=\"article\" \/>\n<meta property=\"og:title\" content=\"Privacy Policy\" \/>\n<meta property=\"og:description\" content=\"Website Privacy Policy &nbsp; Who we are &nbsp;Our website address is: https:. &nbsp; Comments When visitors leave comments on the site we collect the data shown in the comments form, and also the visitor\u2019s IP address and browser user agent string to help spam detection. An anonymized string created from your email address (also called [&hellip;]\" \/>\n<meta property=\"og:url\" content=\"https:\/\/www.akaycontainer.com\/es\/privacy-policy\/\" \/>\n<meta property=\"og:site_name\" content=\"Container House Supplier &amp; Manufacturer | AKAY Prefabricated Homes Factory\" \/>\n<meta property=\"article:publisher\" content=\"https:\/\/www.facebook.com\/profile.php?id=100088436706265\" \/>\n<meta property=\"article:modified_time\" content=\"2024-11-30T01:57:08+00:00\" \/>\n<meta property=\"og:image\" content=\"https:\/\/www.akaycontainer.com\/wp-content\/uploads\/2025\/01\/yoast-seo-1200-675px.webp\" \/>\n\t<meta property=\"og:image:width\" content=\"1200\" \/>\n\t<meta property=\"og:image:height\" content=\"675\" \/>\n\t<meta property=\"og:image:type\" content=\"image\/webp\" \/>\n<meta name=\"twitter:card\" content=\"summary_large_image\" \/>\n<meta name=\"twitter:label1\" content=\"Tiempo de lectura\" \/>\n\t<meta name=\"twitter:data1\" content=\"3 minutos\" \/>\n<script type=\"application\/ld+json\" class=\"yoast-schema-graph\">{\"@context\":\"https:\/\/schema.org\",\"@graph\":[{\"@type\":\"WebPage\",\"@id\":\"https:\/\/www.akaycontainer.com\/privacy-policy\/\",\"url\":\"https:\/\/www.akaycontainer.com\/privacy-policy\/\",\"name\":\"Privacy Policy - Container House Supplier &amp; Manufacturer | AKAY Prefabricated Homes Factory\",\"isPartOf\":{\"@id\":\"https:\/\/www.akaycontainer.com\/#website\"},\"datePublished\":\"2024-01-17T09:02:31+00:00\",\"dateModified\":\"2024-11-30T01:57:08+00:00\",\"breadcrumb\":{\"@id\":\"https:\/\/www.akaycontainer.com\/privacy-policy\/#breadcrumb\"},\"inLanguage\":\"es\",\"potentialAction\":[{\"@type\":\"ReadAction\",\"target\":[\"https:\/\/www.akaycontainer.com\/privacy-policy\/\"]}]},{\"@type\":\"BreadcrumbList\",\"@id\":\"https:\/\/www.akaycontainer.com\/privacy-policy\/#breadcrumb\",\"itemListElement\":[{\"@type\":\"ListItem\",\"position\":1,\"name\":\"Home\",\"item\":\"https:\/\/www.akaycontainer.com\/\"},{\"@type\":\"ListItem\",\"position\":2,\"name\":\"Privacy Policy\"}]},{\"@type\":\"WebSite\",\"@id\":\"https:\/\/www.akaycontainer.com\/#website\",\"url\":\"https:\/\/www.akaycontainer.com\/\",\"name\":\"Container House Supplier & Manufacturer | AKAY Prefabricated Homes Factory\",\"description\":\"With 14 years of experience in prefabricated container house production, AKAY is your preferred supplier for high-quality container houses and customized projects.\",\"publisher\":{\"@id\":\"https:\/\/www.akaycontainer.com\/#organization\"},\"alternateName\":\"Container House Supplier | AKAY Source Factory - Modular Homes\",\"potentialAction\":[{\"@type\":\"SearchAction\",\"target\":{\"@type\":\"EntryPoint\",\"urlTemplate\":\"https:\/\/www.akaycontainer.com\/?s={search_term_string}\"},\"query-input\":{\"@type\":\"PropertyValueSpecification\",\"valueRequired\":true,\"valueName\":\"search_term_string\"}}],\"inLanguage\":\"es\"},{\"@type\":\"Organization\",\"@id\":\"https:\/\/www.akaycontainer.com\/#organization\",\"name\":\"Foshan Yakai Integrated Housing Technology Co., Ltd.\",\"alternateName\":\"AKAY Container House\",\"url\":\"https:\/\/www.akaycontainer.com\/\",\"logo\":{\"@type\":\"ImageObject\",\"inLanguage\":\"es\",\"@id\":\"https:\/\/www.akaycontainer.com\/#\/schema\/logo\/image\/\",\"url\":\"https:\/\/www.akaycontainer.com\/wp-content\/uploads\/2024\/07\/akaylogo0729.webp\",\"contentUrl\":\"https:\/\/www.akaycontainer.com\/wp-content\/uploads\/2024\/07\/akaylogo0729.webp\",\"width\":800,\"height\":219,\"caption\":\"Foshan Yakai Integrated Housing Technology Co., Ltd.\"},\"image\":{\"@id\":\"https:\/\/www.akaycontainer.com\/#\/schema\/logo\/image\/\"},\"sameAs\":[\"https:\/\/www.facebook.com\/profile.php?id=100088436706265\"]}]}<\/script>\n<!-- \/ Yoast SEO Premium plugin. -->","yoast_head_json":{"title":"Pol\u00edtica de privacidad - Proveedor y fabricante de casas contenedor | F\u00e1brica de casas prefabricadas AKAY","robots":{"index":"index","follow":"follow","max-snippet":"max-snippet:-1","max-image-preview":"max-image-preview:large","max-video-preview":"max-video-preview:-1"},"canonical":"https:\/\/www.akaycontainer.com\/es\/privacy-policy\/","og_locale":"es_ES","og_type":"article","og_title":"Privacy Policy","og_description":"Website Privacy Policy &nbsp; Who we are &nbsp;Our website address is: https:. &nbsp; Comments When visitors leave comments on the site we collect the data shown in the comments form, and also the visitor\u2019s IP address and browser user agent string to help spam detection. An anonymized string created from your email address (also called [&hellip;]","og_url":"https:\/\/www.akaycontainer.com\/es\/privacy-policy\/","og_site_name":"Container House Supplier &amp; Manufacturer | AKAY Prefabricated Homes Factory","article_publisher":"https:\/\/www.facebook.com\/profile.php?id=100088436706265","article_modified_time":"2024-11-30T01:57:08+00:00","og_image":[{"width":1200,"height":675,"url":"https:\/\/www.akaycontainer.com\/wp-content\/uploads\/2025\/01\/yoast-seo-1200-675px.webp","type":"image\/webp"}],"twitter_card":"summary_large_image","twitter_misc":{"Tiempo de lectura":"3 minutos"},"schema":{"@context":"https:\/\/schema.org","@graph":[{"@type":"WebPage","@id":"https:\/\/www.akaycontainer.com\/privacy-policy\/","url":"https:\/\/www.akaycontainer.com\/privacy-policy\/","name":"Pol\u00edtica de privacidad - Proveedor y fabricante de casas contenedor | F\u00e1brica de casas prefabricadas AKAY","isPartOf":{"@id":"https:\/\/www.akaycontainer.com\/#website"},"datePublished":"2024-01-17T09:02:31+00:00","dateModified":"2024-11-30T01:57:08+00:00","breadcrumb":{"@id":"https:\/\/www.akaycontainer.com\/privacy-policy\/#breadcrumb"},"inLanguage":"es","potentialAction":[{"@type":"ReadAction","target":["https:\/\/www.akaycontainer.com\/privacy-policy\/"]}]},{"@type":"BreadcrumbList","@id":"https:\/\/www.akaycontainer.com\/privacy-policy\/#breadcrumb","itemListElement":[{"@type":"ListItem","position":1,"name":"Home","item":"https:\/\/www.akaycontainer.com\/"},{"@type":"ListItem","position":2,"name":"Privacy Policy"}]},{"@type":"WebSite","@id":"https:\/\/www.akaycontainer.com\/#website","url":"https:\/\/www.akaycontainer.com\/","name":"Proveedor y fabricante de casas contenedor | F\u00e1brica de casas prefabricadas AKAY","description":"With 14 years of experience in prefabricated container house production, AKAY is your preferred supplier for high-quality container houses and customized projects.","publisher":{"@id":"https:\/\/www.akaycontainer.com\/#organization"},"alternateName":"Container House Supplier | AKAY Source Factory - Modular Homes","potentialAction":[{"@type":"SearchAction","target":{"@type":"EntryPoint","urlTemplate":"https:\/\/www.akaycontainer.com\/?s={search_term_string}"},"query-input":{"@type":"PropertyValueSpecification","valueRequired":true,"valueName":"search_term_string"}}],"inLanguage":"es"},{"@type":"Organization","@id":"https:\/\/www.akaycontainer.com\/#organization","name":"Foshan Yakai Tecnolog\u00eda de Vivienda Integrada Co., Ltd.","alternateName":"AKAY Container House","url":"https:\/\/www.akaycontainer.com\/","logo":{"@type":"ImageObject","inLanguage":"es","@id":"https:\/\/www.akaycontainer.com\/#\/schema\/logo\/image\/","url":"https:\/\/www.akaycontainer.com\/wp-content\/uploads\/2024\/07\/akaylogo0729.webp","contentUrl":"https:\/\/www.akaycontainer.com\/wp-content\/uploads\/2024\/07\/akaylogo0729.webp","width":800,"height":219,"caption":"Foshan Yakai Integrated Housing Technology Co., Ltd."},"image":{"@id":"https:\/\/www.akaycontainer.com\/#\/schema\/logo\/image\/"},"sameAs":["https:\/\/www.facebook.com\/profile.php?id=100088436706265"]}]}},"_links":{"self":[{"href":"https:\/\/www.akaycontainer.com\/es\/wp-json\/wp\/v2\/pages\/3","targetHints":{"allow":["GET"]}}],"collection":[{"href":"https:\/\/www.akaycontainer.com\/es\/wp-json\/wp\/v2\/pages"}],"about":[{"href":"https:\/\/www.akaycontainer.com\/es\/wp-json\/wp\/v2\/types\/page"}],"author":[{"embeddable":true,"href":"https:\/\/www.akaycontainer.com\/es\/wp-json\/wp\/v2\/users\/2"}],"replies":[{"embeddable":true,"href":"https:\/\/www.akaycontainer.com\/es\/wp-json\/wp\/v2\/comments?post=3"}],"version-history":[{"count":0,"href":"https:\/\/www.akaycontainer.com\/es\/wp-json\/wp\/v2\/pages\/3\/revisions"}],"wp:attachment":[{"href":"https:\/\/www.akaycontainer.com\/es\/wp-json\/wp\/v2\/media?parent=3"}],"curies":[{"name":"wp","href":"https:\/\/api.w.org\/{rel}","templated":true}]}}