{"id":3,"date":"2024-01-17T09:02:31","date_gmt":"2024-01-17T09:02:31","guid":{"rendered":"https:\/?page_id=3"},"modified":"2024-11-30T09:57:08","modified_gmt":"2024-11-30T01:57:08","slug":"privacy-policy","status":"publish","type":"page","link":"https:\/\/www.akaycontainer.com\/pt\/privacy-policy\/","title":{"rendered":"pol\u00edtica de Privacidade"},"content":{"rendered":"<div data-elementor-type=\"wp-page\" data-elementor-id=\"3\" class=\"elementor elementor-3\" data-elementor-post-type=\"page\">\n\t\t\t\t\t\t<section class=\"elementor-section elementor-top-section elementor-element elementor-element-67fccea6 elementor-section-boxed elementor-section-height-default elementor-section-height-default\" data-id=\"67fccea6\" data-element_type=\"section\">\n\t\t\t\t\t\t<div class=\"elementor-container elementor-column-gap-default\">\n\t\t\t\t\t<div class=\"elementor-column elementor-col-100 elementor-top-column elementor-element elementor-element-335610b\" data-id=\"335610b\" data-element_type=\"column\">\n\t\t\t<div class=\"elementor-widget-wrap elementor-element-populated\">\n\t\t\t\t\t\t<div class=\"elementor-element elementor-element-7eb7c89c elementor-widget__width-initial elementor-widget elementor-widget-text-editor\" data-id=\"7eb7c89c\" data-element_type=\"widget\" data-widget_type=\"text-editor.default\">\n\t\t\t\t<div class=\"elementor-widget-container\">\n\t\t\t\t\t\t\t\t\t<h1>Pol\u00edtica de Privacidade do Site<\/h1>\n<h2>&nbsp;<\/h2>\n<h2>Quem somos<\/h2>\n<p><!-- \/wp:heading --><!-- wp:paragraph --><\/p>\n<p><strong class=\"privacy-policy-tutorial\">&nbsp;<\/strong>O endere\u00e7o do nosso site \u00e9: https:.<\/p>\n<p><!-- \/wp:paragraph --><!-- wp:heading --><\/p>\n<h2>&nbsp;<\/h2>\n<h2>Coment\u00e1rios<\/h2>\n<p><!-- \/wp:heading --><!-- wp:paragraph --><\/p>\n<p>Quando os visitantes deixam coment\u00e1rios no site, coletamos os dados mostrados no formul\u00e1rio de coment\u00e1rios, al\u00e9m do endere\u00e7o IP do visitante e de dados do navegador para ajudar na detec\u00e7\u00e3o de spam.<\/p>\n<p><!-- \/wp:paragraph --><!-- wp:paragraph --><\/p>\n<p>Uma sequ\u00eancia de caracteres an\u00f4nima criada a partir do seu endere\u00e7o de e-mail (tamb\u00e9m chamada de hash) pode ser fornecida ao servi\u00e7o Gravatar para verificar se voc\u00ea o est\u00e1 usando. A pol\u00edtica de privacidade do servi\u00e7o Gravatar est\u00e1 dispon\u00edvel aqui: https:\/\/automattic.com\/privacy\/. Ap\u00f3s a aprova\u00e7\u00e3o do seu coment\u00e1rio, sua foto de perfil fica vis\u00edvel ao p\u00fablico no contexto do seu coment\u00e1rio.<\/p>\n<p><!-- \/wp:paragraph --><!-- wp:heading --><\/p>\n<h2>&nbsp;<\/h2>\n<h2>M\u00eddia<\/h2>\n<p><!-- \/wp:heading --><!-- wp:paragraph --><\/p>\n<p>Se voc\u00ea fizer upload de imagens para o site, evite fazer upload de imagens com dados de localiza\u00e7\u00e3o incorporados (EXIF GPS) inclu\u00eddos. Os visitantes do site podem baixar e extrair quaisquer dados de localiza\u00e7\u00e3o das imagens no site.<\/p>\n<p><!-- \/wp:paragraph --><!-- wp:heading --><\/p>\n<h2>&nbsp;<\/h2>\n<h2>Biscoitos<\/h2>\n<p><!-- \/wp:heading --><!-- wp:paragraph --><\/p>\n<p>Se voc\u00ea deixar um coment\u00e1rio em nosso site, voc\u00ea pode optar por salvar seu nome, endere\u00e7o de e-mail e site em cookies. Eles s\u00e3o para sua conveni\u00eancia, para que voc\u00ea n\u00e3o precise preencher seus detalhes novamente quando deixar outro coment\u00e1rio. Esses cookies duram um ano.<\/p>\n<p><!-- \/wp:paragraph --><!-- wp:paragraph --><\/p>\n<p>Se voc\u00ea visitar nossa p\u00e1gina de login, definiremos um cookie tempor\u00e1rio para determinar se seu navegador aceita cookies. Este cookie n\u00e3o cont\u00e9m dados pessoais e \u00e9 descartado quando voc\u00ea fecha seu navegador.<\/p>\n<p><!-- \/wp:paragraph --><!-- wp:paragraph --><\/p>\n<p>Quando voc\u00ea faz login, tamb\u00e9m configuramos v\u00e1rios cookies para salvar suas informa\u00e7\u00f5es de login e suas escolhas de exibi\u00e7\u00e3o de tela. Os cookies de login duram dois dias, e os cookies de op\u00e7\u00f5es de tela duram um ano. Se voc\u00ea selecionar \u201cLembrar de mim\u201d, seu login persistir\u00e1 por duas semanas. Se voc\u00ea sair da sua conta, os cookies de login ser\u00e3o removidos.<\/p>\n<p><!-- \/wp:paragraph --><!-- wp:paragraph --><\/p>\n<p>Se voc\u00ea editar ou publicar um artigo, um cookie adicional ser\u00e1 salvo no seu navegador. Este cookie n\u00e3o inclui dados pessoais e simplesmente indica o ID do post do artigo que voc\u00ea acabou de editar. Ele expira ap\u00f3s 1 dia.<\/p>\n<p><!-- \/wp:paragraph --><!-- wp:heading --><\/p>\n<h2>&nbsp;<\/h2>\n<h2>Conte\u00fado incorporado de outros sites<\/h2>\n<p><!-- \/wp:heading --><!-- wp:paragraph --><\/p>\n<p>Os artigos neste site podem incluir conte\u00fado incorporado (por exemplo, v\u00eddeos, imagens, artigos, etc.). Conte\u00fado incorporado de outros sites se comporta exatamente da mesma maneira como se o visitante tivesse visitado o outro site.<\/p>\n<p><!-- \/wp:paragraph --><!-- wp:paragraph --><\/p>\n<p>Esses sites podem coletar dados sobre voc\u00ea, usar cookies, incorporar rastreamento adicional de terceiros e monitorar sua intera\u00e7\u00e3o com esse conte\u00fado incorporado, incluindo o rastreamento de sua intera\u00e7\u00e3o com o conte\u00fado incorporado se voc\u00ea tiver uma conta e estiver conectado a esse site.<\/p>\n<p><!-- \/wp:paragraph --><!-- wp:heading --><\/p>\n<h2>&nbsp;<\/h2>\n<h2>Com quem compartilhamos seus dados<\/h2>\n<p><!-- \/wp:heading --><!-- wp:paragraph --><\/p>\n<p>Se voc\u00ea solicitar uma redefini\u00e7\u00e3o de senha, seu endere\u00e7o IP ser\u00e1 inclu\u00eddo no e-mail de redefini\u00e7\u00e3o.<\/p>\n<p><!-- \/wp:paragraph --><!-- wp:heading --><\/p>\n<h2>&nbsp;<\/h2>\n<h2>Por quanto tempo retemos seus dados<\/h2>\n<p><!-- \/wp:heading --><!-- wp:paragraph --><\/p>\n<p>Se voc\u00ea deixar um coment\u00e1rio, o coment\u00e1rio e seus metadados ser\u00e3o retidos indefinidamente. Isso \u00e9 para que possamos reconhecer e aprovar quaisquer coment\u00e1rios de acompanhamento automaticamente, em vez de mant\u00ea-los em uma fila de modera\u00e7\u00e3o.<\/p>\n<p><!-- \/wp:paragraph --><!-- wp:paragraph --><\/p>\n<p>Para usu\u00e1rios que se registram em nosso site (se houver), tamb\u00e9m armazenamos as informa\u00e7\u00f5es pessoais que eles fornecem em seu perfil de usu\u00e1rio. Todos os usu\u00e1rios podem ver, editar ou excluir suas informa\u00e7\u00f5es pessoais a qualquer momento (exceto que eles n\u00e3o podem alterar seu nome de usu\u00e1rio). Os administradores do site tamb\u00e9m podem ver e editar essas informa\u00e7\u00f5es.<\/p>\n<p><!-- \/wp:paragraph --><!-- wp:heading --><\/p>\n<h2>&nbsp;<\/h2>\n<h2>Quais direitos voc\u00ea tem sobre seus dados<\/h2>\n<p><!-- \/wp:heading --><!-- wp:paragraph --><\/p>\n<p>Se voc\u00ea tem uma conta neste site, ou deixou coment\u00e1rios, voc\u00ea pode solicitar receber um arquivo exportado dos dados pessoais que temos sobre voc\u00ea, incluindo quaisquer dados que voc\u00ea nos forneceu. Voc\u00ea tamb\u00e9m pode solicitar que apaguemos quaisquer dados pessoais que temos sobre voc\u00ea. Isso n\u00e3o inclui quaisquer dados que somos obrigados a manter para fins administrativos, legais ou de seguran\u00e7a.<\/p>\n<p><!-- \/wp:paragraph --><!-- wp:heading --><\/p>\n<h2>&nbsp;<\/h2>\n<h2>Para onde seus dados s\u00e3o enviados<\/h2>\n<p><!-- \/wp:heading --><!-- wp:paragraph --><\/p>\n<p>Os coment\u00e1rios dos visitantes podem ser verificados por meio de um servi\u00e7o automatizado de detec\u00e7\u00e3o de spam.<\/p>\n<p><!-- \/wp:paragraph --><\/p>\t\t\t\t\t\t\t\t<\/div>\n\t\t\t\t<\/div>\n\t\t\t\t\t<\/div>\n\t\t<\/div>\n\t\t\t\t\t<\/div>\n\t\t<\/section>\n\t\t\t\t<\/div>","protected":false},"excerpt":{"rendered":"<p>Website Privacy Policy &nbsp; Who we are &nbsp;Our website address is: https:. &nbsp; Comments When visitors leave comments on the site we collect the data shown in the comments form, and also the visitor\u2019s IP address and browser user agent string to help spam detection. An anonymized string created from your email address (also called [&hellip;]<\/p>","protected":false},"author":2,"featured_media":0,"parent":0,"menu_order":27,"comment_status":"closed","ping_status":"closed","template":"","meta":{"_acf_changed":false,"footnotes":""},"class_list":["post-3","page","type-page","status-publish","hentry"],"acf":[],"yoast_head":"<!-- This site is optimized with the Yoast SEO Premium plugin v25.3.1 (Yoast SEO v25.7) - https:\/\/yoast.com\/wordpress\/plugins\/seo\/ -->\n<title>Privacy Policy - Container House Supplier &amp; Manufacturer | AKAY Prefabricated Homes Factory<\/title>\n<meta name=\"robots\" content=\"index, follow, max-snippet:-1, max-image-preview:large, max-video-preview:-1\" \/>\n<link rel=\"canonical\" href=\"https:\/\/www.akaycontainer.com\/pt\/privacy-policy\/\" \/>\n<meta property=\"og:locale\" content=\"pt_PT\" \/>\n<meta property=\"og:type\" content=\"article\" \/>\n<meta property=\"og:title\" content=\"Privacy Policy\" \/>\n<meta property=\"og:description\" content=\"Website Privacy Policy &nbsp; Who we are &nbsp;Our website address is: https:. &nbsp; Comments When visitors leave comments on the site we collect the data shown in the comments form, and also the visitor\u2019s IP address and browser user agent string to help spam detection. An anonymized string created from your email address (also called [&hellip;]\" \/>\n<meta property=\"og:url\" content=\"https:\/\/www.akaycontainer.com\/pt\/privacy-policy\/\" \/>\n<meta property=\"og:site_name\" content=\"Container House Supplier &amp; Manufacturer | AKAY Prefabricated Homes Factory\" \/>\n<meta property=\"article:publisher\" content=\"https:\/\/www.facebook.com\/profile.php?id=100088436706265\" \/>\n<meta property=\"article:modified_time\" content=\"2024-11-30T01:57:08+00:00\" \/>\n<meta property=\"og:image\" content=\"https:\/\/www.akaycontainer.com\/wp-content\/uploads\/2025\/01\/yoast-seo-1200-675px.webp\" \/>\n\t<meta property=\"og:image:width\" content=\"1200\" \/>\n\t<meta property=\"og:image:height\" content=\"675\" \/>\n\t<meta property=\"og:image:type\" content=\"image\/webp\" \/>\n<meta name=\"twitter:card\" content=\"summary_large_image\" \/>\n<meta name=\"twitter:label1\" content=\"Tempo estimado de leitura\" \/>\n\t<meta name=\"twitter:data1\" content=\"3 minutos\" \/>\n<script type=\"application\/ld+json\" class=\"yoast-schema-graph\">{\"@context\":\"https:\/\/schema.org\",\"@graph\":[{\"@type\":\"WebPage\",\"@id\":\"https:\/\/www.akaycontainer.com\/privacy-policy\/\",\"url\":\"https:\/\/www.akaycontainer.com\/privacy-policy\/\",\"name\":\"Privacy Policy - Container House Supplier &amp; Manufacturer | AKAY Prefabricated Homes Factory\",\"isPartOf\":{\"@id\":\"https:\/\/www.akaycontainer.com\/#website\"},\"datePublished\":\"2024-01-17T09:02:31+00:00\",\"dateModified\":\"2024-11-30T01:57:08+00:00\",\"breadcrumb\":{\"@id\":\"https:\/\/www.akaycontainer.com\/privacy-policy\/#breadcrumb\"},\"inLanguage\":\"pt-PT\",\"potentialAction\":[{\"@type\":\"ReadAction\",\"target\":[\"https:\/\/www.akaycontainer.com\/privacy-policy\/\"]}]},{\"@type\":\"BreadcrumbList\",\"@id\":\"https:\/\/www.akaycontainer.com\/privacy-policy\/#breadcrumb\",\"itemListElement\":[{\"@type\":\"ListItem\",\"position\":1,\"name\":\"Home\",\"item\":\"https:\/\/www.akaycontainer.com\/\"},{\"@type\":\"ListItem\",\"position\":2,\"name\":\"Privacy Policy\"}]},{\"@type\":\"WebSite\",\"@id\":\"https:\/\/www.akaycontainer.com\/#website\",\"url\":\"https:\/\/www.akaycontainer.com\/\",\"name\":\"Container House Supplier & Manufacturer | AKAY Prefabricated Homes Factory\",\"description\":\"With 14 years of experience in prefabricated container house production, AKAY is your preferred supplier for high-quality container houses and customized projects.\",\"publisher\":{\"@id\":\"https:\/\/www.akaycontainer.com\/#organization\"},\"alternateName\":\"Container House Supplier | AKAY Source Factory - Modular Homes\",\"potentialAction\":[{\"@type\":\"SearchAction\",\"target\":{\"@type\":\"EntryPoint\",\"urlTemplate\":\"https:\/\/www.akaycontainer.com\/?s={search_term_string}\"},\"query-input\":{\"@type\":\"PropertyValueSpecification\",\"valueRequired\":true,\"valueName\":\"search_term_string\"}}],\"inLanguage\":\"pt-PT\"},{\"@type\":\"Organization\",\"@id\":\"https:\/\/www.akaycontainer.com\/#organization\",\"name\":\"Foshan Yakai Integrated Housing Technology Co., Ltd.\",\"alternateName\":\"AKAY Container House\",\"url\":\"https:\/\/www.akaycontainer.com\/\",\"logo\":{\"@type\":\"ImageObject\",\"inLanguage\":\"pt-PT\",\"@id\":\"https:\/\/www.akaycontainer.com\/#\/schema\/logo\/image\/\",\"url\":\"https:\/\/www.akaycontainer.com\/wp-content\/uploads\/2024\/07\/akaylogo0729.webp\",\"contentUrl\":\"https:\/\/www.akaycontainer.com\/wp-content\/uploads\/2024\/07\/akaylogo0729.webp\",\"width\":800,\"height\":219,\"caption\":\"Foshan Yakai Integrated Housing Technology Co., Ltd.\"},\"image\":{\"@id\":\"https:\/\/www.akaycontainer.com\/#\/schema\/logo\/image\/\"},\"sameAs\":[\"https:\/\/www.facebook.com\/profile.php?id=100088436706265\"]}]}<\/script>\n<!-- \/ Yoast SEO Premium plugin. -->","yoast_head_json":{"title":"Pol\u00edtica de Privacidade - Fornecedor e Fabricante de Casas de Cont\u00eaineres | F\u00e1brica de Casas Pr\u00e9-fabricadas AKAY","robots":{"index":"index","follow":"follow","max-snippet":"max-snippet:-1","max-image-preview":"max-image-preview:large","max-video-preview":"max-video-preview:-1"},"canonical":"https:\/\/www.akaycontainer.com\/pt\/privacy-policy\/","og_locale":"pt_PT","og_type":"article","og_title":"Privacy Policy","og_description":"Website Privacy Policy &nbsp; Who we are &nbsp;Our website address is: https:. &nbsp; Comments When visitors leave comments on the site we collect the data shown in the comments form, and also the visitor\u2019s IP address and browser user agent string to help spam detection. An anonymized string created from your email address (also called [&hellip;]","og_url":"https:\/\/www.akaycontainer.com\/pt\/privacy-policy\/","og_site_name":"Container House Supplier &amp; Manufacturer | AKAY Prefabricated Homes Factory","article_publisher":"https:\/\/www.facebook.com\/profile.php?id=100088436706265","article_modified_time":"2024-11-30T01:57:08+00:00","og_image":[{"width":1200,"height":675,"url":"https:\/\/www.akaycontainer.com\/wp-content\/uploads\/2025\/01\/yoast-seo-1200-675px.webp","type":"image\/webp"}],"twitter_card":"summary_large_image","twitter_misc":{"Tempo estimado de leitura":"3 minutos"},"schema":{"@context":"https:\/\/schema.org","@graph":[{"@type":"WebPage","@id":"https:\/\/www.akaycontainer.com\/privacy-policy\/","url":"https:\/\/www.akaycontainer.com\/privacy-policy\/","name":"Pol\u00edtica de Privacidade - Fornecedor e Fabricante de Casas de Cont\u00eaineres | F\u00e1brica de Casas Pr\u00e9-fabricadas AKAY","isPartOf":{"@id":"https:\/\/www.akaycontainer.com\/#website"},"datePublished":"2024-01-17T09:02:31+00:00","dateModified":"2024-11-30T01:57:08+00:00","breadcrumb":{"@id":"https:\/\/www.akaycontainer.com\/privacy-policy\/#breadcrumb"},"inLanguage":"pt-PT","potentialAction":[{"@type":"ReadAction","target":["https:\/\/www.akaycontainer.com\/privacy-policy\/"]}]},{"@type":"BreadcrumbList","@id":"https:\/\/www.akaycontainer.com\/privacy-policy\/#breadcrumb","itemListElement":[{"@type":"ListItem","position":1,"name":"Home","item":"https:\/\/www.akaycontainer.com\/"},{"@type":"ListItem","position":2,"name":"Privacy Policy"}]},{"@type":"WebSite","@id":"https:\/\/www.akaycontainer.com\/#website","url":"https:\/\/www.akaycontainer.com\/","name":"Fornecedor e fabricante de casas de cont\u00eainer | F\u00e1brica de casas pr\u00e9-fabricadas AKAY","description":"With 14 years of experience in prefabricated container house production, AKAY is your preferred supplier for high-quality container houses and customized projects.","publisher":{"@id":"https:\/\/www.akaycontainer.com\/#organization"},"alternateName":"Container House Supplier | AKAY Source Factory - Modular Homes","potentialAction":[{"@type":"SearchAction","target":{"@type":"EntryPoint","urlTemplate":"https:\/\/www.akaycontainer.com\/?s={search_term_string}"},"query-input":{"@type":"PropertyValueSpecification","valueRequired":true,"valueName":"search_term_string"}}],"inLanguage":"pt-PT"},{"@type":"Organization","@id":"https:\/\/www.akaycontainer.com\/#organization","name":"Tecnologia de Habita\u00e7\u00e3o Integrada Foshan Yakai Co., Ltd.","alternateName":"AKAY Container House","url":"https:\/\/www.akaycontainer.com\/","logo":{"@type":"ImageObject","inLanguage":"pt-PT","@id":"https:\/\/www.akaycontainer.com\/#\/schema\/logo\/image\/","url":"https:\/\/www.akaycontainer.com\/wp-content\/uploads\/2024\/07\/akaylogo0729.webp","contentUrl":"https:\/\/www.akaycontainer.com\/wp-content\/uploads\/2024\/07\/akaylogo0729.webp","width":800,"height":219,"caption":"Foshan Yakai Integrated Housing Technology Co., Ltd."},"image":{"@id":"https:\/\/www.akaycontainer.com\/#\/schema\/logo\/image\/"},"sameAs":["https:\/\/www.facebook.com\/profile.php?id=100088436706265"]}]}},"_links":{"self":[{"href":"https:\/\/www.akaycontainer.com\/pt\/wp-json\/wp\/v2\/pages\/3","targetHints":{"allow":["GET"]}}],"collection":[{"href":"https:\/\/www.akaycontainer.com\/pt\/wp-json\/wp\/v2\/pages"}],"about":[{"href":"https:\/\/www.akaycontainer.com\/pt\/wp-json\/wp\/v2\/types\/page"}],"author":[{"embeddable":true,"href":"https:\/\/www.akaycontainer.com\/pt\/wp-json\/wp\/v2\/users\/2"}],"replies":[{"embeddable":true,"href":"https:\/\/www.akaycontainer.com\/pt\/wp-json\/wp\/v2\/comments?post=3"}],"version-history":[{"count":0,"href":"https:\/\/www.akaycontainer.com\/pt\/wp-json\/wp\/v2\/pages\/3\/revisions"}],"wp:attachment":[{"href":"https:\/\/www.akaycontainer.com\/pt\/wp-json\/wp\/v2\/media?parent=3"}],"curies":[{"name":"wp","href":"https:\/\/api.w.org\/{rel}","templated":true}]}}